{"id":2,"date":"2014-03-09T11:00:55","date_gmt":"2014-03-09T10:00:55","guid":{"rendered":"http:\/\/dobrotvor.euco.in\/?page_id=2"},"modified":"2014-03-10T18:23:38","modified_gmt":"2014-03-10T17:23:38","slug":"o-nama","status":"publish","type":"page","link":"https:\/\/dobrotvor.euco.in\/?page_id=2","title":{"rendered":"O nama"},"content":{"rendered":"<p>&nbsp;<\/p>\n<address>Udruga \u0161tovatelja knjiga<strong> &#8220;DOBROTVOR&#8221;<\/strong> je Udruga gra\u0111ana u Republici Hrvatskoj koja je osnovana 16. prosinca 2013. godine s ciljem promicanja knjiga i \u00a0 popularizacije knjiga i knji\u017eevnosti.<\/address>\n<address><strong>Djelatnosti Udruge su:<\/strong><\/address>\n<address>&#8211; Planiranje rada s ciljem populariziranja knjiga i knji\u017eevnosti<\/address>\n<address>&#8211; Okupljanje, povezivanje i dru\u017eenje kolekcionara i ljubitelja knjiga \u00a0 \u00a0<\/address>\n<address>&#8211; Organiziranje knji\u017eevnih susreta, seminara, sajmova, manifestacija i festivala \u010diji su nositelji \u010dlanovi Udruge \u00a0 \u00a0 \u00a0 \u00a0 \u00a0 \u00a0 \u00a0 \u00a0 \u00a0 \u00a0<\/address>\n<address>&#8211; Odr\u017eavanje edukativnih radionica, prvenstveno za djecu, sa ciljem populariziranja knjiga i ljubavi prema knjizi i o\u010duvanju hrvatske kulturne ba\u0161tine<\/address>\n<address>&#8211; Suradnja sa osnovnim \u0161kolama , srednjim \u0161kolama, udrugama i raznim pravnim osobama u Hrvatskoj i izvan nje<\/address>\n<address>&#8211; Izdavanje knjiga, novina i \u010dasopisa iz podru\u010dja djelatnosti Udruge sukladno posebnim propisima<\/address>\n<address>\u00a0<\/address>\n<address>\u00a0<\/address>\n","protected":false},"excerpt":{"rendered":"<p>&nbsp; Udruga \u0161tovatelja knjiga &#8220;DOBROTVOR&#8221; je Udruga gra\u0111ana u Republici Hrvatskoj koja je osnovana 16. prosinca 2013. godine s ciljem promicanja knjiga i \u00a0 popularizacije knjiga i knji\u017eevnosti. Djelatnosti Udruge su: &#8211; Planiranje rada s ciljem populariziranja knjiga i knji\u017eevnosti &#8211; Okupljanje, povezivanje i dru\u017eenje kolekcionara i ljubitelja knjiga \u00a0 \u00a0 &#8211; Organiziranje knji\u017eevnih susreta, [&hellip;]<\/p>\n","protected":false},"author":1,"featured_media":0,"parent":0,"menu_order":1,"comment_status":"closed","ping_status":"closed","template":"","meta":{"footnotes":""},"class_list":["post-2","page","type-page","status-publish","hentry"],"_links":{"self":[{"href":"https:\/\/dobrotvor.euco.in\/index.php?rest_route=\/wp\/v2\/pages\/2","targetHints":{"allow":["GET"]}}],"collection":[{"href":"https:\/\/dobrotvor.euco.in\/index.php?rest_route=\/wp\/v2\/pages"}],"about":[{"href":"https:\/\/dobrotvor.euco.in\/index.php?rest_route=\/wp\/v2\/types\/page"}],"author":[{"embeddable":true,"href":"https:\/\/dobrotvor.euco.in\/index.php?rest_route=\/wp\/v2\/users\/1"}],"replies":[{"embeddable":true,"href":"https:\/\/dobrotvor.euco.in\/index.php?rest_route=%2Fwp%2Fv2%2Fcomments&post=2"}],"version-history":[{"count":15,"href":"https:\/\/dobrotvor.euco.in\/index.php?rest_route=\/wp\/v2\/pages\/2\/revisions"}],"predecessor-version":[{"id":58,"href":"https:\/\/dobrotvor.euco.in\/index.php?rest_route=\/wp\/v2\/pages\/2\/revisions\/58"}],"wp:attachment":[{"href":"https:\/\/dobrotvor.euco.in\/index.php?rest_route=%2Fwp%2Fv2%2Fmedia&parent=2"}],"curies":[{"name":"wp","href":"https:\/\/api.w.org\/{rel}","templated":true}]}}